{"id":156,"date":"2026-01-28T08:41:36","date_gmt":"2026-01-28T08:41:36","guid":{"rendered":"https:\/\/mcfotografiadesportiva.pt\/?page_id=156"},"modified":"2026-04-20T08:54:13","modified_gmt":"2026-04-20T08:54:13","slug":"sobre-mim","status":"publish","type":"page","link":"https:\/\/mcfotografiadesportiva.pt\/?page_id=156","title":{"rendered":""},"content":{"rendered":"\t\t<div data-elementor-type=\"wp-page\" data-elementor-id=\"156\" class=\"elementor elementor-156\">\n\t\t\t\t<div class=\"elementor-element elementor-element-18f1a47 e-grid e-con-boxed e-con e-parent\" data-id=\"18f1a47\" data-element_type=\"container\" data-e-type=\"container\">\n\t\t\t\t\t<div class=\"e-con-inner\">\n\t\t\t\t<div class=\"elementor-element elementor-element-53cacb3 elementor-widget elementor-widget-text-editor\" data-id=\"53cacb3\" data-element_type=\"widget\" data-e-type=\"widget\" data-widget_type=\"text-editor.default\">\n\t\t\t\t\t\t\t\t\t<p data-start=\"159\" data-end=\"458\">O meu nome \u00e9 <strong data-start=\"172\" data-end=\"187\">Martim Cruz<\/strong>, tenho 18 anos e sou fot\u00f3grafo de desporto natural da <strong data-start=\"242\" data-end=\"271\">P\u00f3voa de Varzim, Portugal<\/strong>. A minha paix\u00e3o pela fotografia come\u00e7ou h\u00e1 cerca de um ano, quando descobri a emo\u00e7\u00e3o de capturar momentos \u00fanicos que acontecem em fra\u00e7\u00f5es de segundo dentro de um campo ou de um pavilh\u00e3o.<\/p><p data-start=\"460\" data-end=\"757\">Especializo-me sobretudo em <strong data-start=\"488\" data-end=\"517\">fotografia de basquetebol<\/strong>, um desporto que me fascina pela intensidade, velocidade e emo\u00e7\u00e3o constante do jogo. O que mais me motiva \u00e9 conseguir registar aqueles momentos decisivos \u2014 a concentra\u00e7\u00e3o dos atletas, a explos\u00e3o de um lan\u00e7amento ou a emo\u00e7\u00e3o de uma vit\u00f3ria.<\/p><p data-start=\"1268\" data-end=\"1476\">\u00a0<\/p>\t\t\t\t\t\t\t\t<\/div>\n\t\t\t\t<div class=\"elementor-element elementor-element-1e3a3b8 elementor-widget elementor-widget-text-editor\" data-id=\"1e3a3b8\" data-element_type=\"widget\" data-e-type=\"widget\" data-widget_type=\"text-editor.default\">\n\t\t\t\t\t\t\t\t\t<p data-start=\"759\" data-end=\"1071\">Atualmente fotografo a equipa <strong data-start=\"789\" data-end=\"849\">Sub-18 feminina do <span class=\"hover:entity-accent entity-underline inline cursor-pointer align-baseline\"><span class=\"whitespace-normal\">Clube Desportivo da P\u00f3voa<\/span><\/span><\/strong>, acompanhando os jogos de forma independente. Apesar de n\u00e3o ter ainda uma liga\u00e7\u00e3o oficial ao clube, j\u00e1 recebi contactos para uma poss\u00edvel colabora\u00e7\u00e3o, algo que refor\u00e7a ainda mais a minha motiva\u00e7\u00e3o para evoluir nesta \u00e1rea.<\/p><p data-start=\"1073\" data-end=\"1266\">Trabalho atualmente com uma <strong data-start=\"1101\" data-end=\"1119\">Canon EOS 250D<\/strong> equipada com uma lente <strong data-start=\"1143\" data-end=\"1166\">Canon EF\u2011S 55\u2011250mm<\/strong>, procurando sempre tirar o m\u00e1ximo partido do equipamento para captar a a\u00e7\u00e3o e a emo\u00e7\u00e3o do desporto.<\/p><p data-start=\"1268\" data-end=\"1476\">O meu objetivo \u00e9 continuar a evoluir como fot\u00f3grafo e, no futuro, trabalhar com <strong data-start=\"1348\" data-end=\"1388\">grandes clubes e eventos desportivos<\/strong>, contando hist\u00f3rias atrav\u00e9s da fotografia e captando a verdadeira ess\u00eancia do desporto.<\/p><p data-start=\"1268\" data-end=\"1476\">\u00a0<\/p>\t\t\t\t\t\t\t\t<\/div>\n\t\t\t\t<div class=\"elementor-element elementor-element-ebdab31 elementor-widget elementor-widget-text-editor\" data-id=\"ebdab31\" data-element_type=\"widget\" data-e-type=\"widget\" data-widget_type=\"text-editor.default\">\n\t\t\t\t\t\t\t\t\t<p data-start=\"1409\" data-end=\"1738\">Ao mesmo tempo, procuro desenvolver o meu pr\u00f3prio estilo visual, explorando novas t\u00e9cnicas, \u00e2ngulos e abordagens criativas que tornem cada imagem \u00fanica. Acredito que a fotografia vai al\u00e9m do simples registo do momento \u2014 \u00e9 uma forma de transmitir <b>emo\u00e7\u00e3o, energia e identidade<\/b>, criando imagens que ficam na mem\u00f3ria de quem as v\u00ea.<\/p><p data-start=\"1740\" data-end=\"2066\">Estou tamb\u00e9m aberto a novas oportunidades e desafios que me permitam crescer, aprender e colaborar com atletas, equipas e organiza\u00e7\u00f5es desportivas. Encaro cada jogo como uma oportunidade de evolu\u00e7\u00e3o, procurando constantemente melhorar a minha capacidade de antecipar momentos e contar hist\u00f3rias atrav\u00e9s de imagens com impacto.<\/p>\t\t\t\t\t\t\t\t<\/div>\n\t\t\t\t\t<\/div>\n\t\t\t\t<\/div>\n\t\t<div class=\"elementor-element elementor-element-bd32449 e-grid e-con-boxed e-con e-parent\" data-id=\"bd32449\" data-element_type=\"container\" data-e-type=\"container\">\n\t\t\t\t\t<div class=\"e-con-inner\">\n\t\t\t\t<div class=\"elementor-element elementor-element-56bd0e0 elementor-widget elementor-widget-image\" data-id=\"56bd0e0\" data-element_type=\"widget\" data-e-type=\"widget\" data-widget_type=\"image.default\">\n\t\t\t\t\t\t\t\t\t\t\t\t\t\t\t<img fetchpriority=\"high\" decoding=\"async\" width=\"300\" height=\"300\" src=\"https:\/\/mcfotografiadesportiva.pt\/wp-content\/uploads\/2026\/03\/pppp-300x300.png\" class=\"attachment-medium size-medium wp-image-232\" alt=\"\" srcset=\"https:\/\/mcfotografiadesportiva.pt\/wp-content\/uploads\/2026\/03\/pppp-300x300.png 300w, https:\/\/mcfotografiadesportiva.pt\/wp-content\/uploads\/2026\/03\/pppp-150x150.png 150w, https:\/\/mcfotografiadesportiva.pt\/wp-content\/uploads\/2026\/03\/pppp.png 500w\" sizes=\"(max-width: 300px) 100vw, 300px\" \/>\t\t\t\t\t\t\t\t\t\t\t\t\t\t\t<\/div>\n\t\t\t\t<div class=\"elementor-element elementor-element-009ad14 elementor-widget elementor-widget-image\" data-id=\"009ad14\" data-element_type=\"widget\" data-e-type=\"widget\" data-widget_type=\"image.default\">\n\t\t\t\t\t\t\t\t\t\t\t\t\t\t\t<img decoding=\"async\" width=\"300\" height=\"300\" src=\"https:\/\/mcfotografiadesportiva.pt\/wp-content\/uploads\/2026\/03\/12_canon_ef-s_55-250mm_f4-5_6127aacdc5d1462dab70fd8db8f0c499-300x300.png\" class=\"attachment-medium size-medium wp-image-231\" alt=\"\" srcset=\"https:\/\/mcfotografiadesportiva.pt\/wp-content\/uploads\/2026\/03\/12_canon_ef-s_55-250mm_f4-5_6127aacdc5d1462dab70fd8db8f0c499-300x300.png 300w, https:\/\/mcfotografiadesportiva.pt\/wp-content\/uploads\/2026\/03\/12_canon_ef-s_55-250mm_f4-5_6127aacdc5d1462dab70fd8db8f0c499-150x150.png 150w, https:\/\/mcfotografiadesportiva.pt\/wp-content\/uploads\/2026\/03\/12_canon_ef-s_55-250mm_f4-5_6127aacdc5d1462dab70fd8db8f0c499-768x768.png 768w, https:\/\/mcfotografiadesportiva.pt\/wp-content\/uploads\/2026\/03\/12_canon_ef-s_55-250mm_f4-5_6127aacdc5d1462dab70fd8db8f0c499.png 800w\" sizes=\"(max-width: 300px) 100vw, 300px\" \/>\t\t\t\t\t\t\t\t\t\t\t\t\t\t\t<\/div>\n\t\t\t\t\t<\/div>\n\t\t\t\t<\/div>\n\t\t\t\t<\/div>\n\t\t","protected":false},"excerpt":{"rendered":"<p>O meu nome \u00e9 Martim Cruz, tenho 18 anos e sou fot\u00f3grafo de desporto natural da P\u00f3voa de Varzim, Portugal. A minha paix\u00e3o pela fotografia come\u00e7ou h\u00e1 cerca de um ano, quando descobri a emo\u00e7\u00e3o de capturar momentos \u00fanicos que acontecem em fra\u00e7\u00f5es de segundo dentro de um campo ou de um pavilh\u00e3o. Especializo-me sobretudo [&hellip;]<\/p>\n","protected":false},"author":1,"featured_media":0,"parent":0,"menu_order":0,"comment_status":"closed","ping_status":"closed","template":"","meta":{"footnotes":""},"class_list":["post-156","page","type-page","status-publish","hentry"],"_links":{"self":[{"href":"https:\/\/mcfotografiadesportiva.pt\/index.php?rest_route=\/wp\/v2\/pages\/156","targetHints":{"allow":["GET"]}}],"collection":[{"href":"https:\/\/mcfotografiadesportiva.pt\/index.php?rest_route=\/wp\/v2\/pages"}],"about":[{"href":"https:\/\/mcfotografiadesportiva.pt\/index.php?rest_route=\/wp\/v2\/types\/page"}],"author":[{"embeddable":true,"href":"https:\/\/mcfotografiadesportiva.pt\/index.php?rest_route=\/wp\/v2\/users\/1"}],"replies":[{"embeddable":true,"href":"https:\/\/mcfotografiadesportiva.pt\/index.php?rest_route=%2Fwp%2Fv2%2Fcomments&post=156"}],"version-history":[{"count":14,"href":"https:\/\/mcfotografiadesportiva.pt\/index.php?rest_route=\/wp\/v2\/pages\/156\/revisions"}],"predecessor-version":[{"id":289,"href":"https:\/\/mcfotografiadesportiva.pt\/index.php?rest_route=\/wp\/v2\/pages\/156\/revisions\/289"}],"wp:attachment":[{"href":"https:\/\/mcfotografiadesportiva.pt\/index.php?rest_route=%2Fwp%2Fv2%2Fmedia&parent=156"}],"curies":[{"name":"wp","href":"https:\/\/api.w.org\/{rel}","templated":true}]}}