{"id":137,"date":"2026-01-26T08:51:42","date_gmt":"2026-01-26T08:51:42","guid":{"rendered":"https:\/\/mcfotografiadesportiva.pt\/?page_id=137"},"modified":"2026-03-16T10:00:43","modified_gmt":"2026-03-16T10:00:43","slug":"contactos","status":"publish","type":"page","link":"https:\/\/mcfotografiadesportiva.pt\/?page_id=137","title":{"rendered":""},"content":{"rendered":"\t\t<div data-elementor-type=\"wp-page\" data-elementor-id=\"137\" class=\"elementor elementor-137\">\n\t\t\t\t<div class=\"elementor-element elementor-element-d1e9659 e-flex e-con-boxed e-con e-parent\" data-id=\"d1e9659\" data-element_type=\"container\" data-e-type=\"container\">\n\t\t\t\t\t<div class=\"e-con-inner\">\n\t\t<div class=\"elementor-element elementor-element-38a8c3b e-con-full e-flex e-con e-child\" data-id=\"38a8c3b\" data-element_type=\"container\" data-e-type=\"container\">\n\t\t\t\t<div class=\"elementor-element elementor-element-a43de15 elementor-widget elementor-widget-heading\" data-id=\"a43de15\" data-element_type=\"widget\" data-e-type=\"widget\" data-widget_type=\"heading.default\">\n\t\t\t\t\t<h2 class=\"elementor-heading-title elementor-size-default\">Se pretende fazer uma marca\u00e7\u00e3o ou obter mais informa\u00e7\u00f5es, por favor preencha o formul\u00e1rio de contacto dispon\u00edvel nesta p\u00e1gina. <br>Ap\u00f3s o envio, entrarei em contacto consigo atrav\u00e9s do e-mail fornecido o mais breve poss\u00edvel para dar seguimento ao pedido.<\/h2>\t\t\t\t<\/div>\n\t\t\t\t<\/div>\n\t\t<div class=\"elementor-element elementor-element-264b758 e-con-full e-flex e-con e-child\" data-id=\"264b758\" data-element_type=\"container\" data-e-type=\"container\">\n\t\t\t\t<\/div>\n\t\t\t\t\t<\/div>\n\t\t\t\t<\/div>\n\t\t<div class=\"elementor-element elementor-element-63dde82d e-flex e-con-boxed e-con e-parent\" data-id=\"63dde82d\" data-element_type=\"container\" data-e-type=\"container\">\n\t\t\t\t\t<div class=\"e-con-inner\">\n\t\t\t\t<div class=\"elementor-element elementor-element-6023feee elementor-widget elementor-widget-text-editor\" data-id=\"6023feee\" data-element_type=\"widget\" data-e-type=\"widget\" data-widget_type=\"text-editor.default\">\n\t\t\t\t\t\t\t\t\t\n<p><style>\n.orange-form-wrapper {\n  max-width: 580px;\n  margin: 90px auto;\n  padding: 42px;\n  background: #ffffff;\n  border-radius: 20px;\n  box-shadow: 0 18px 45px rgba(0,0,0,0.15);\n  font-family: 'Poppins', sans-serif;\n  animation: fadeInUp 0.7s ease;\n}\n\n@keyframes fadeInUp {\n  from {opacity: 0; transform: translateY(30px);}\n  to {opacity: 1; transform: translateY(0);}\n}\n\n.orange-form-wrapper h2 {\n  text-align: center;\n  margin-bottom: 8px;\n  color: #111;\n  font-size: 30px;\n  letter-spacing: 1px;\n}\n\n.orange-form-wrapper p {\n  text-align: center;\n  margin-bottom: 32px;\n  color: #666;\n  font-size: 14px;\n}\n\n.orange-form-group {\n  position: relative;\n  margin-bottom: 26px;\n}\n\n.orange-form-group input {\n  width: 100%;\n  padding: 16px 16px;\n  border: 2px solid #ff7a00;\n  border-radius: 12px;\n  font-size: 14px;\n  background: #fafafa;\n  transition: all 0.3s ease;\n}\n\n.orange-form-group input:focus {\n  outline: none;\n  border-color: #000;\n  background: #fff;\n  box-shadow: 0 0 0 3px rgba(255,122,0,0.25);\n}\n\n.orange-form-group label {\n  position: absolute;\n  top: 50%;\n  left: 18px;\n  transform: translateY(-50%);\n  color: #ff7a00;\n  font-size: 13px;\n  pointer-events: none;\n  transition: 0.3s ease;\n  background: #fff;\n  padding: 0 6px;\n}\n\n.orange-form-group input:focus + label,\n.orange-form-group input:not(:placeholder-shown) + label {\n  top: -10px;\n  font-size: 11px;\n  color: #000;\n}\n\n.orange-form-wrapper button {\n  width: 100%;\n  padding: 18px;\n  background: linear-gradient(135deg, #ff7a00, #ff9a2f);\n  color: #fff;\n  border: none;\n  border-radius: 14px;\n  font-size: 15px;\n  letter-spacing: 1px;\n  cursor: pointer;\n  transition: all 0.3s ease;\n}\n\n.orange-form-wrapper button:hover {\n  transform: translateY(-2px);\n  box-shadow: 0 10px 25px rgba(255,122,0,0.4);\n}\n\n.orange-form-wrapper button:active {\n  transform: scale(0.97);\n}\n\n\/* calend\u00e1rio estilizado *\/\ninput[type=\"date\"]::-webkit-calendar-picker-indicator {\n  cursor: pointer;\n  filter: invert(48%) sepia(97%) saturate(2472%) hue-rotate(1deg) brightness(102%) contrast(101%);\n}\n\n\/* overlay sucesso *\/\n.success-overlay {\n  position: fixed;\n  top: 0;\n  left: 0;\n  width: 100%;\n  height: 100%;\n  background: rgba(0,0,0,0.75);\n  display: flex;\n  align-items: center;\n  justify-content: center;\n  opacity: 0;\n  pointer-events: none;\n  transition: 0.4s ease;\n  z-index: 9999;\n}\n\n.success-overlay.active {\n  opacity: 1;\n  pointer-events: all;\n}\n\n.success-box {\n  background: #fff;\n  padding: 45px 55px;\n  border-radius: 22px;\n  text-align: center;\n  transform: scale(0.7);\n  transition: 0.4s ease;\n  box-shadow: 0 20px 50px rgba(0,0,0,0.2);\n}\n\n.success-overlay.active .success-box {\n  transform: scale(1);\n}\n\n.success-box h3 {\n  color: #ff7a00;\n  margin-bottom: 10px;\n  font-size: 24px;\n}\n\n.success-box p {\n  color: #333;\n  font-size: 14px;\n}\n<\/style><\/p>\n<div class=\"orange-form-wrapper\">\n<h2><span dir=\"auto\" style=\"vertical-align: inherit;\"><span dir=\"auto\" style=\"vertical-align: inherit;\"><span dir=\"auto\" style=\"vertical-align: inherit;\"><span dir=\"auto\" style=\"vertical-align: inherit;\"><span dir=\"auto\" style=\"vertical-align: inherit;\"><span dir=\"auto\" style=\"vertical-align: inherit;\"><span dir=\"auto\" style=\"vertical-align: inherit;\"><span dir=\"auto\" style=\"vertical-align: inherit;\"><span dir=\"auto\" style=\"vertical-align: inherit;\"><span dir=\"auto\" style=\"vertical-align: inherit;\"><span dir=\"auto\" style=\"vertical-align: inherit;\"><span dir=\"auto\" style=\"vertical-align: inherit;\"><span dir=\"auto\" style=\"vertical-align: inherit;\"><span dir=\"auto\" style=\"vertical-align: inherit;\">Pedido de Marca\u00e7\u00e3o<\/span><\/span><\/span><\/span><\/span><\/span><\/span><\/span><\/span><\/span><\/span><\/span><\/span><\/span><\/h2>\n<p><span dir=\"auto\" style=\"vertical-align: inherit;\"><span dir=\"auto\" style=\"vertical-align: inherit;\"><span dir=\"auto\" style=\"vertical-align: inherit;\"><span dir=\"auto\" style=\"vertical-align: inherit;\"><span dir=\"auto\" style=\"vertical-align: inherit;\"><span dir=\"auto\" style=\"vertical-align: inherit;\"><span dir=\"auto\" style=\"vertical-align: inherit;\"><span dir=\"auto\" style=\"vertical-align: inherit;\"><span dir=\"auto\" style=\"vertical-align: inherit;\"><span dir=\"auto\" style=\"vertical-align: inherit;\"><span dir=\"auto\" style=\"vertical-align: inherit;\"><span dir=\"auto\" style=\"vertical-align: inherit;\"><span dir=\"auto\" style=\"vertical-align: inherit;\"><span dir=\"auto\" style=\"vertical-align: inherit;\">Reserve j\u00e1 o seu evento desportivo<\/span><\/span><\/span><\/span><\/span><\/span><\/span><\/span><\/span><\/span><\/span><\/span><\/span><\/span><\/p>\n<form id=\"orangeServiceForm\">\n<div class=\"orange-form-group\"><input name=\"nome\" required=\"\" type=\"text\" placeholder=\" \" \/> <label><span dir=\"auto\" style=\"vertical-align: inherit;\"><span dir=\"auto\" style=\"vertical-align: inherit;\"><span dir=\"auto\" style=\"vertical-align: inherit;\"><span dir=\"auto\" style=\"vertical-align: inherit;\"><span dir=\"auto\" style=\"vertical-align: inherit;\"><span dir=\"auto\" style=\"vertical-align: inherit;\"><span dir=\"auto\" style=\"vertical-align: inherit;\"><span dir=\"auto\" style=\"vertical-align: inherit;\"><span dir=\"auto\" style=\"vertical-align: inherit;\"><span dir=\"auto\" style=\"vertical-align: inherit;\"><span dir=\"auto\" style=\"vertical-align: inherit;\"><span dir=\"auto\" style=\"vertical-align: inherit;\"><span dir=\"auto\" style=\"vertical-align: inherit;\"><span dir=\"auto\" style=\"vertical-align: inherit;\">Nome completo<\/span><\/span><\/span><\/span><\/span><\/span><\/span><\/span><\/span><\/span><\/span><\/span><\/span><\/span><\/label><\/div>\n<div class=\"orange-form-group\"><input name=\"contacto\" required=\"\" type=\"tel\" placeholder=\" \" \/> <label><span dir=\"auto\" style=\"vertical-align: inherit;\"><span dir=\"auto\" style=\"vertical-align: inherit;\"><span dir=\"auto\" style=\"vertical-align: inherit;\"><span dir=\"auto\" style=\"vertical-align: inherit;\"><span dir=\"auto\" style=\"vertical-align: inherit;\"><span dir=\"auto\" style=\"vertical-align: inherit;\"><span dir=\"auto\" style=\"vertical-align: inherit;\"><span dir=\"auto\" style=\"vertical-align: inherit;\"><span dir=\"auto\" style=\"vertical-align: inherit;\"><span dir=\"auto\" style=\"vertical-align: inherit;\"><span dir=\"auto\" style=\"vertical-align: inherit;\"><span dir=\"auto\" style=\"vertical-align: inherit;\"><span dir=\"auto\" style=\"vertical-align: inherit;\"><span dir=\"auto\" style=\"vertical-align: inherit;\">Contato \/ Telem\u00f3vel<\/span><\/span><\/span><\/span><\/span><\/span><\/span><\/span><\/span><\/span><\/span><\/span><\/span><\/span><\/label><\/div>\n<div class=\"orange-form-group\"><input name=\"data_servico\" required=\"\" type=\"date\" placeholder=\" \" \/> <label><span dir=\"auto\" style=\"vertical-align: inherit;\"><span dir=\"auto\" style=\"vertical-align: inherit;\"><span dir=\"auto\" style=\"vertical-align: inherit;\"><span dir=\"auto\" style=\"vertical-align: inherit;\"><span dir=\"auto\" style=\"vertical-align: inherit;\"><span dir=\"auto\" style=\"vertical-align: inherit;\"><span dir=\"auto\" style=\"vertical-align: inherit;\"><span dir=\"auto\" style=\"vertical-align: inherit;\"><span dir=\"auto\" style=\"vertical-align: inherit;\"><span dir=\"auto\" style=\"vertical-align: inherit;\"><span dir=\"auto\" style=\"vertical-align: inherit;\"><span dir=\"auto\" style=\"vertical-align: inherit;\"><span dir=\"auto\" style=\"vertical-align: inherit;\"><span dir=\"auto\" style=\"vertical-align: inherit;\">Dia do servi\u00e7o<\/span><\/span><\/span><\/span><\/span><\/span><\/span><\/span><\/span><\/span><\/span><\/span><\/span><\/span><\/label><\/div>\n<div class=\"orange-form-group\"><input name=\"local\" required=\"\" type=\"text\" placeholder=\" \" \/> <label><span dir=\"auto\" style=\"vertical-align: inherit;\"><span dir=\"auto\" style=\"vertical-align: inherit;\"><span dir=\"auto\" style=\"vertical-align: inherit;\"><span dir=\"auto\" style=\"vertical-align: inherit;\"><span dir=\"auto\" style=\"vertical-align: inherit;\"><span dir=\"auto\" style=\"vertical-align: inherit;\"><span dir=\"auto\" style=\"vertical-align: inherit;\"><span dir=\"auto\" style=\"vertical-align: inherit;\"><span dir=\"auto\" style=\"vertical-align: inherit;\"><span dir=\"auto\" style=\"vertical-align: inherit;\"><span dir=\"auto\" style=\"vertical-align: inherit;\"><span dir=\"auto\" style=\"vertical-align: inherit;\"><span dir=\"auto\" style=\"vertical-align: inherit;\"><span dir=\"auto\" style=\"vertical-align: inherit;\">Local do servi\u00e7o<\/span><\/span><\/span><\/span><\/span><\/span><\/span><\/span><\/span><\/span><\/span><\/span><\/span><\/span><\/label><\/div>\n<button type=\"submit\"><span dir=\"auto\" style=\"vertical-align: inherit;\"><span dir=\"auto\" style=\"vertical-align: inherit;\"><span dir=\"auto\" style=\"vertical-align: inherit;\"><span dir=\"auto\" style=\"vertical-align: inherit;\"><span dir=\"auto\" style=\"vertical-align: inherit;\"><span dir=\"auto\" style=\"vertical-align: inherit;\"><span dir=\"auto\" style=\"vertical-align: inherit;\"><span dir=\"auto\" style=\"vertical-align: inherit;\"><span dir=\"auto\" style=\"vertical-align: inherit;\"><span dir=\"auto\" style=\"vertical-align: inherit;\"><span dir=\"auto\" style=\"vertical-align: inherit;\"><span dir=\"auto\" style=\"vertical-align: inherit;\"><span dir=\"auto\" style=\"vertical-align: inherit;\"><span dir=\"auto\" style=\"vertical-align: inherit;\">ENVIAR PEDIDO<\/span><\/span><\/span><\/span><\/span><\/span><\/span><\/span><\/span><\/span><\/span><\/span><\/span><\/span><\/button><\/form><\/div>\n<div id=\"successOverlay\" class=\"success-overlay\">\n<div class=\"success-box\">\n<h3><span dir=\"auto\" style=\"vertical-align: inherit;\"><span dir=\"auto\" style=\"vertical-align: inherit;\"><span dir=\"auto\" style=\"vertical-align: inherit;\"><span dir=\"auto\" style=\"vertical-align: inherit;\"><span dir=\"auto\" style=\"vertical-align: inherit;\"><span dir=\"auto\" style=\"vertical-align: inherit;\"><span dir=\"auto\" style=\"vertical-align: inherit;\"><span dir=\"auto\" style=\"vertical-align: inherit;\"><span dir=\"auto\" style=\"vertical-align: inherit;\"><span dir=\"auto\" style=\"vertical-align: inherit;\"><span dir=\"auto\" style=\"vertical-align: inherit;\"><span dir=\"auto\" style=\"vertical-align: inherit;\"><span dir=\"auto\" style=\"vertical-align: inherit;\"><span dir=\"auto\" style=\"vertical-align: inherit;\">Pedido enviado com sucesso<\/span><\/span><\/span><\/span><\/span><\/span><\/span><\/span><\/span><\/span><\/span><\/span><\/span><\/span><\/h3>\n<p><span dir=\"auto\" style=\"vertical-align: inherit;\"><span dir=\"auto\" style=\"vertical-align: inherit;\"><span dir=\"auto\" style=\"vertical-align: inherit;\"><span dir=\"auto\" style=\"vertical-align: inherit;\"><span dir=\"auto\" style=\"vertical-align: inherit;\"><span dir=\"auto\" style=\"vertical-align: inherit;\"><span dir=\"auto\" style=\"vertical-align: inherit;\"><span dir=\"auto\" style=\"vertical-align: inherit;\"><span dir=\"auto\" style=\"vertical-align: inherit;\"><span dir=\"auto\" style=\"vertical-align: inherit;\"><span dir=\"auto\" style=\"vertical-align: inherit;\"><span dir=\"auto\" style=\"vertical-align: inherit;\"><span dir=\"auto\" style=\"vertical-align: inherit;\"><span dir=\"auto\" style=\"vertical-align: inherit;\">Iremos dar uma resposta em 48 horas.<\/span><\/span><\/span><\/span><\/span><\/span><\/span><\/span><\/span><\/span><\/span><\/span><\/span><\/span><\/p>\n<\/div>\n<\/div>\n<p><script>\ndocument.getElementById(\"orangeServiceForm\").addEventListener(\"submit\", function(e) {\n  e.preventDefault();\n\n  const overlay = document.getElementById(\"successOverlay\");\n  overlay.classList.add(\"active\");\n\n  setTimeout(() => {\n    overlay.classList.remove(\"active\");\n  }, 3500);\n\n  this.reset();\n});\n<\/script><\/p>\n\t\t\t\t\t\t\t\t<\/div>\n\t\t\t\t\t<\/div>\n\t\t\t\t<\/div>\n\t\t\t\t<\/div>\n\t\t","protected":false},"excerpt":{"rendered":"<p>Se pretende fazer uma marca\u00e7\u00e3o ou obter mais informa\u00e7\u00f5es, por favor preencha o formul\u00e1rio de contacto dispon\u00edvel nesta p\u00e1gina. Ap\u00f3s o envio, entrarei em contacto consigo atrav\u00e9s do e-mail fornecido o mais breve poss\u00edvel para dar seguimento ao pedido. Pedido de Marca\u00e7\u00e3o Reserve j\u00e1 o seu evento desportivo Nome completo Contato \/ Telem\u00f3vel Dia do [&hellip;]<\/p>\n","protected":false},"author":1,"featured_media":0,"parent":0,"menu_order":0,"comment_status":"closed","ping_status":"closed","template":"","meta":{"footnotes":""},"class_list":["post-137","page","type-page","status-publish","hentry"],"_links":{"self":[{"href":"https:\/\/mcfotografiadesportiva.pt\/index.php?rest_route=\/wp\/v2\/pages\/137","targetHints":{"allow":["GET"]}}],"collection":[{"href":"https:\/\/mcfotografiadesportiva.pt\/index.php?rest_route=\/wp\/v2\/pages"}],"about":[{"href":"https:\/\/mcfotografiadesportiva.pt\/index.php?rest_route=\/wp\/v2\/types\/page"}],"author":[{"embeddable":true,"href":"https:\/\/mcfotografiadesportiva.pt\/index.php?rest_route=\/wp\/v2\/users\/1"}],"replies":[{"embeddable":true,"href":"https:\/\/mcfotografiadesportiva.pt\/index.php?rest_route=%2Fwp%2Fv2%2Fcomments&post=137"}],"version-history":[{"count":9,"href":"https:\/\/mcfotografiadesportiva.pt\/index.php?rest_route=\/wp\/v2\/pages\/137\/revisions"}],"predecessor-version":[{"id":229,"href":"https:\/\/mcfotografiadesportiva.pt\/index.php?rest_route=\/wp\/v2\/pages\/137\/revisions\/229"}],"wp:attachment":[{"href":"https:\/\/mcfotografiadesportiva.pt\/index.php?rest_route=%2Fwp%2Fv2%2Fmedia&parent=137"}],"curies":[{"name":"wp","href":"https:\/\/api.w.org\/{rel}","templated":true}]}}